{"id":2,"date":"2022-08-04T22:55:39","date_gmt":"2022-08-04T20:55:39","guid":{"rendered":"https:\/\/fascia.cz\/wordpress\/?page_id=2"},"modified":"2023-01-30T15:15:42","modified_gmt":"2023-01-30T14:15:42","slug":"klinika-ambulantni-fyzioterapie","status":"publish","type":"page","link":"https:\/\/fascia.cz\/wordpress\/","title":{"rendered":"Fascia Clinic Prague"},"content":{"rendered":"<p>[et_pb_section fb_built=&#8220;1&#8243; admin_label=&#8220;Header&#8220; _builder_version=&#8220;4.17.6&#8243; use_background_color_gradient=&#8220;on&#8220; background_color_gradient_direction=&#8220;101deg&#8220; background_color_gradient_stops=&#8220;#e61845 16%|rgba(255,255,255,0.29) 100%&#8220; background_color_gradient_overlays_image=&#8220;on&#8220; background_color_gradient_start=&#8220;#171728&#8243; background_color_gradient_start_position=&#8220;18%&#8220; background_color_gradient_end=&#8220;rgba(255,255,255,0.29)&#8220; background_image=&#8220;https:\/\/fascia.cz\/wordpress\/wp-content\/uploads\/2022\/11\/5fa256ef-7eaa-4c6a-9840-5acf287df587-1.jpg&#8220; parallax=&#8220;on&#8220; custom_margin=&#8220;||-268px|||&#8220; custom_padding=&#8220;9vw|0px|9vw|0px|true|false&#8220; locked=&#8220;off&#8220; global_colors_info=&#8220;{}&#8220; box_shadow_style__hover=&#8220;none&#8220; box_shadow_style__hover_enabled=&#8220;none&#8220; box_shadow_color__hover=&#8220;rgba(0,0,0,0.3)&#8220; box_shadow_color__hover_enabled=&#8220;rgba(0,0,0,0.3)&#8220;][et_pb_row _builder_version=&#8220;4.17.6&#8243; height=&#8220;393px&#8220; custom_padding=&#8220;||0px|||&#8220; custom_width_px__hover=&#8220;1080px&#8220; custom_width_px__hover_enabled=&#8220;1080px&#8220; custom_width_percent__hover=&#8220;80%&#8220; custom_width_percent__hover_enabled=&#8220;80%&#8220; global_colors_info=&#8220;{}&#8220; parallax_1__hover=&#8220;off&#8220; parallax_1__hover_enabled=&#8220;off&#8220; parallax_2__hover=&#8220;off&#8220; parallax_2__hover_enabled=&#8220;off&#8220; parallax_3__hover=&#8220;off&#8220; parallax_3__hover_enabled=&#8220;off&#8220; parallax_4__hover=&#8220;off&#8220; parallax_4__hover_enabled=&#8220;off&#8220; parallax_method_1__hover=&#8220;on&#8220; parallax_method_1__hover_enabled=&#8220;on&#8220; parallax_method_2__hover=&#8220;on&#8220; parallax_method_2__hover_enabled=&#8220;on&#8220; parallax_method_3__hover=&#8220;on&#8220; parallax_method_3__hover_enabled=&#8220;on&#8220; parallax_method_4__hover=&#8220;on&#8220; parallax_method_4__hover_enabled=&#8220;on&#8220; gutter_width__hover=&#8220;3&#8243; gutter_width__hover_enabled=&#8220;3&#8243; parallax_5__hover=&#8220;off&#8220; parallax_5__hover_enabled=&#8220;off&#8220; parallax_6__hover=&#8220;off&#8220; parallax_6__hover_enabled=&#8220;off&#8220; parallax_method_5__hover=&#8220;on&#8220; parallax_method_5__hover_enabled=&#8220;on&#8220; parallax_method_6__hover=&#8220;on&#8220; parallax_method_6__hover_enabled=&#8220;on&#8220; use_background_color_gradient__hover=&#8220;off&#8220; use_background_color_gradient__hover_enabled=&#8220;off&#8220; background_color_gradient_start__hover=&#8220;#2b87da&#8220; background_color_gradient_start__hover_enabled=&#8220;#2b87da&#8220; background_color_gradient_end__hover=&#8220;#29c4a9&#8243; background_color_gradient_end__hover_enabled=&#8220;#29c4a9&#8243; background_color_gradient_type__hover=&#8220;linear&#8220; background_color_gradient_type__hover_enabled=&#8220;linear&#8220; background_color_gradient_direction__hover=&#8220;180deg&#8220; background_color_gradient_direction__hover_enabled=&#8220;180deg&#8220; background_color_gradient_direction_radial__hover=&#8220;center&#8220; background_color_gradient_direction_radial__hover_enabled=&#8220;center&#8220; background_color_gradient_start_position__hover=&#8220;0%&#8220; background_color_gradient_start_position__hover_enabled=&#8220;0%&#8220; background_color_gradient_end_position__hover=&#8220;100%&#8220; background_color_gradient_end_position__hover_enabled=&#8220;100%&#8220; background_color_gradient_overlays_image__hover=&#8220;off&#8220; background_color_gradient_overlays_image__hover_enabled=&#8220;off&#8220; parallax__hover=&#8220;off&#8220; parallax__hover_enabled=&#8220;off&#8220; parallax_method__hover=&#8220;on&#8220; parallax_method__hover_enabled=&#8220;on&#8220; background_size__hover=&#8220;cover&#8220; background_size__hover_enabled=&#8220;cover&#8220; background_position__hover=&#8220;center&#8220; background_position__hover_enabled=&#8220;center&#8220; background_repeat__hover=&#8220;no-repeat&#8220; background_repeat__hover_enabled=&#8220;no-repeat&#8220; background_blend__hover=&#8220;normal&#8220; background_blend__hover_enabled=&#8220;normal&#8220; allow_player_pause__hover=&#8220;off&#8220; allow_player_pause__hover_enabled=&#8220;off&#8220; background_video_pause_outside_viewport__hover=&#8220;on&#8220; background_video_pause_outside_viewport__hover_enabled=&#8220;on&#8220; make_fullwidth__hover=&#8220;off&#8220; make_fullwidth__hover_enabled=&#8220;off&#8220; use_custom_width__hover=&#8220;off&#8220; use_custom_width__hover_enabled=&#8220;off&#8220; width_unit__hover=&#8220;on&#8220; width_unit__hover_enabled=&#8220;on&#8220; use_custom_gutter__hover=&#8220;off&#8220; use_custom_gutter__hover_enabled=&#8220;off&#8220; make_equal__hover=&#8220;off&#8220; make_equal__hover_enabled=&#8220;off&#8220; border_radii__hover=&#8220;on||||&#8220; border_radii__hover_enabled=&#8220;on||||&#8220; box_shadow_style__hover=&#8220;none&#8220; box_shadow_style__hover_enabled=&#8220;none&#8220; box_shadow_color__hover=&#8220;rgba(0,0,0,0.3)&#8220; box_shadow_color__hover_enabled=&#8220;rgba(0,0,0,0.3)&#8220; filter_hue_rotate__hover=&#8220;0deg&#8220; filter_hue_rotate__hover_enabled=&#8220;0deg&#8220; filter_saturate__hover=&#8220;100%&#8220; filter_saturate__hover_enabled=&#8220;100%&#8220; filter_brightness__hover=&#8220;100%&#8220; filter_brightness__hover_enabled=&#8220;100%&#8220; filter_contrast__hover=&#8220;100%&#8220; filter_contrast__hover_enabled=&#8220;100%&#8220; filter_invert__hover=&#8220;0%&#8220; filter_invert__hover_enabled=&#8220;0%&#8220; filter_sepia__hover=&#8220;0%&#8220; filter_sepia__hover_enabled=&#8220;0%&#8220; filter_opacity__hover=&#8220;100%&#8220; filter_opacity__hover_enabled=&#8220;100%&#8220; filter_blur__hover=&#8220;0px&#8220; filter_blur__hover_enabled=&#8220;0px&#8220; mix_blend_mode__hover=&#8220;normal&#8220; mix_blend_mode__hover_enabled=&#8220;normal&#8220; animation_style__hover=&#8220;none&#8220; animation_style__hover_enabled=&#8220;none&#8220; animation_repeat__hover=&#8220;once&#8220; animation_repeat__hover_enabled=&#8220;once&#8220; animation_direction__hover=&#8220;center&#8220; animation_direction__hover_enabled=&#8220;center&#8220; animation_duration__hover=&#8220;1000ms&#8220; animation_duration__hover_enabled=&#8220;1000ms&#8220; animation_delay__hover=&#8220;0ms&#8220; animation_delay__hover_enabled=&#8220;0ms&#8220; animation_intensity_slide__hover=&#8220;50%&#8220; animation_intensity_slide__hover_enabled=&#8220;50%&#8220; animation_intensity_zoom__hover=&#8220;50%&#8220; animation_intensity_zoom__hover_enabled=&#8220;50%&#8220; animation_intensity_flip__hover=&#8220;50%&#8220; animation_intensity_flip__hover_enabled=&#8220;50%&#8220; animation_intensity_fold__hover=&#8220;50%&#8220; animation_intensity_fold__hover_enabled=&#8220;50%&#8220; animation_intensity_roll__hover=&#8220;50%&#8220; animation_intensity_roll__hover_enabled=&#8220;50%&#8220; animation_starting_opacity__hover=&#8220;0%&#8220; animation_starting_opacity__hover_enabled=&#8220;0%&#8220; animation_speed_curve__hover=&#8220;ease-in-out&#8220; animation_speed_curve__hover_enabled=&#8220;ease-in-out&#8220; hover_transition_duration__hover=&#8220;300ms&#8220; hover_transition_duration__hover_enabled=&#8220;300ms&#8220; hover_transition_delay__hover=&#8220;0ms&#8220; hover_transition_delay__hover_enabled=&#8220;0ms&#8220; hover_transition_speed_curve__hover=&#8220;ease&#8220; hover_transition_speed_curve__hover_enabled=&#8220;ease&#8220; background_color_gradient_stops__hover=&#8220;#2b87da 0%|#29c4a9 100%&#8220;][et_pb_column type=&#8220;4_4&#8243; _builder_version=&#8220;4.17.6&#8243; _module_preset=&#8220;default&#8220; global_colors_info=&#8220;{}&#8220;][et_pb_text _builder_version=&#8220;4.17.6&#8243; text_font=&#8220;Roboto|300|||||||&#8220; text_font_size=&#8220;22px&#8220; text_line_height=&#8220;1.6em&#8220; header_font=&#8220;Montserrat||||||||&#8220; header_font_size=&#8220;130px&#8220; header_line_height=&#8220;1.2em&#8220; header_2_font=&#8220;Montserrat|300|||||||&#8220; header_2_font_size=&#8220;23px&#8220; header_2_line_height=&#8220;1.8em&#8220; background_image=&#8220;https:\/\/fascia.cz\/wordpress\/wp-content\/uploads\/2022\/08\/f-1.png&#8220; background_size=&#8220;contain&#8220; background_position=&#8220;center_left&#8220; background_horizontal_offset=&#8220;100%&#8220; background_blend=&#8220;darken&#8220; positioning=&#8220;relative&#8220; vertical_offset=&#8220;0px&#8220; horizontal_offset=&#8220;0px&#8220; z_index=&#8220;0&#8243; background_layout=&#8220;dark&#8220; max_width=&#8220;500px&#8220; min_height=&#8220;452px&#8220; hover_enabled=&#8220;0&#8243; header_font_size_tablet=&#8220;60px&#8220; header_font_size_phone=&#8220;40px&#8220; header_font_size_last_edited=&#8220;on|desktop&#8220; header_2_font_size_tablet=&#8220;20px&#8220; header_2_font_size_phone=&#8220;16px&#8220; header_2_font_size_last_edited=&#8220;on|desktop&#8220; locked=&#8220;off&#8220; global_colors_info=&#8220;{}&#8220; header_3_font_size__hover=&#8220;22px&#8220; header_3_font_size__hover_enabled=&#8220;22px&#8220; header_3_letter_spacing__hover=&#8220;0px&#8220; header_3_letter_spacing__hover_enabled=&#8220;0px&#8220; header_3_line_height__hover=&#8220;1em&#8220; header_3_line_height__hover_enabled=&#8220;1em&#8220; header_3_text_shadow_style__hover=&#8220;none&#8220; header_3_text_shadow_style__hover_enabled=&#8220;none&#8220; header_3_text_shadow_color__hover=&#8220;rgba(0,0,0,0.4)&#8220; header_3_text_shadow_color__hover_enabled=&#8220;rgba(0,0,0,0.4)&#8220; header_4_font_size__hover=&#8220;18px&#8220; header_4_font_size__hover_enabled=&#8220;18px&#8220; header_4_letter_spacing__hover=&#8220;0px&#8220; header_4_letter_spacing__hover_enabled=&#8220;0px&#8220; header_4_line_height__hover=&#8220;1em&#8220; header_4_line_height__hover_enabled=&#8220;1em&#8220; header_4_text_shadow_style__hover=&#8220;none&#8220; header_4_text_shadow_style__hover_enabled=&#8220;none&#8220; header_4_text_shadow_color__hover=&#8220;rgba(0,0,0,0.4)&#8220; header_4_text_shadow_color__hover_enabled=&#8220;rgba(0,0,0,0.4)&#8220; header_5_font_size__hover=&#8220;16px&#8220; header_5_font_size__hover_enabled=&#8220;16px&#8220; header_5_letter_spacing__hover=&#8220;0px&#8220; header_5_letter_spacing__hover_enabled=&#8220;0px&#8220; header_5_line_height__hover=&#8220;1em&#8220; header_5_line_height__hover_enabled=&#8220;1em&#8220; header_5_text_shadow_style__hover=&#8220;none&#8220; header_5_text_shadow_style__hover_enabled=&#8220;none&#8220; header_5_text_shadow_color__hover=&#8220;rgba(0,0,0,0.4)&#8220; header_5_text_shadow_color__hover_enabled=&#8220;rgba(0,0,0,0.4)&#8220; header_6_font_size__hover=&#8220;14px&#8220; header_6_font_size__hover_enabled=&#8220;14px&#8220; header_6_letter_spacing__hover=&#8220;0px&#8220; header_6_letter_spacing__hover_enabled=&#8220;0px&#8220; header_6_line_height__hover=&#8220;1em&#8220; header_6_line_height__hover_enabled=&#8220;1em&#8220; header_6_text_shadow_style__hover=&#8220;none&#8220; header_6_text_shadow_style__hover_enabled=&#8220;none&#8220; header_6_text_shadow_color__hover=&#8220;rgba(0,0,0,0.4)&#8220; header_6_text_shadow_color__hover_enabled=&#8220;rgba(0,0,0,0.4)&#8220; sticky_enabled=&#8220;0&#8243;]<\/p>\n<h1 style=\"font-size: 40pt;\">Klinika ambulantn\u00ed fyzioterapie<\/h1>\n<h2>Praha, Doln\u00ed M\u011bcholupy<\/h2>\n<p>&nbsp;<\/p>\n<p>[\/et_pb_text][et_pb_social_media_follow _builder_version=&#8220;4.19.4&#8243; _module_preset=&#8220;default&#8220; hover_enabled=&#8220;0&#8243; sticky_enabled=&#8220;0&#8243;][et_pb_social_media_follow_network social_network=&#8220;facebook&#8220; background_color=&#8220;#3b5998&#8243; _builder_version=&#8220;4.19.4&#8243; _module_preset=&#8220;default&#8220; follow_button=&#8220;off&#8220; url_new_window=&#8220;on&#8220; url=&#8220;https:\/\/www.facebook.com\/FasciaClinicPrague&#8220; hover_enabled=&#8220;0&#8243; sticky_enabled=&#8220;0&#8243;]facebook[\/et_pb_social_media_follow_network][et_pb_social_media_follow_network social_network=&#8220;instagram&#8220; background_color=&#8220;#ea2c59&#8243; _builder_version=&#8220;4.19.4&#8243; _module_preset=&#8220;default&#8220; follow_button=&#8220;off&#8220; url_new_window=&#8220;on&#8220; url=&#8220;https:\/\/www.instagram.com\/fascia_clinic_prague\/&#8220; hover_enabled=&#8220;0&#8243; sticky_enabled=&#8220;0&#8243;]instagram[\/et_pb_social_media_follow_network][\/et_pb_social_media_follow][\/et_pb_column][\/et_pb_row][\/et_pb_section][et_pb_section fb_built=&#8220;1&#8243; custom_padding_last_edited=&#8220;on|desktop&#8220; _builder_version=&#8220;4.16&#8243; background_color=&#8220;rgba(0,0,0,0)&#8220; use_background_color_gradient=&#8220;on&#8220; background_color_gradient_stops=&#8220;#171728 50%|#f7f7f7 50%&#8220; background_color_gradient_start=&#8220;#171728&#8243; background_color_gradient_start_position=&#8220;50%&#8220; background_color_gradient_end=&#8220;#f7f7f7&#8243; background_color_gradient_end_position=&#8220;50%&#8220; custom_margin=&#8220;237px|||||&#8220; custom_padding=&#8220;0|0px|0px|15vw|false|false&#8220; custom_padding_tablet=&#8220;|||10vw&#8220; custom_padding_phone=&#8220;&#8220; locked=&#8220;off&#8220; global_colors_info=&#8220;{}&#8220;][\/et_pb_section][et_pb_section fb_built=&#8220;1&#8243; make_equal=&#8220;on&#8220; use_custom_gutter=&#8220;on&#8220; gutter_width=&#8220;1&#8243; specialty=&#8220;on&#8220; custom_padding_last_edited=&#8220;on|tablet&#8220; bg_img_1=&#8220;https:\/\/fascia.cz\/wordpress\/wp-content\/uploads\/2022\/08\/iStock-1337261743-scaled.jpg&#8220; use_background_color_gradient_1=&#8220;on&#8220; background_color_gradient_stops_1=&#8220;#f7f7f7 0%|rgba(255,255,255,0) 65%&#8220; background_color_gradient_start_1=&#8220;#f7f7f7&#8243; background_color_gradient_end_1=&#8220;rgba(255,255,255,0)&#8220; background_color_gradient_end_position_1=&#8220;65%&#8220; background_color_gradient_overlays_image_1=&#8220;on&#8220; padding_top_2=&#8220;80px&#8220; padding_right_2=&#8220;60px&#8220; padding_bottom_2=&#8220;130px&#8220; padding_left_2=&#8220;60px&#8220; padding_top_bottom_link_2=&#8220;false&#8220; padding_left_right_link_2=&#8220;true&#8220; padding_2_tablet=&#8220;|||&#8220; padding_2_phone=&#8220;40px|40px||40px|false|true&#8220; padding_2_last_edited=&#8220;on|phone&#8220; admin_label=&#8220;Services&#8220; _builder_version=&#8220;4.17.6&#8243; max_width_tablet=&#8220;&#8220; max_width_phone=&#8220;&#8220; max_width_last_edited=&#8220;on|desktop&#8220; module_alignment=&#8220;left&#8220; inner_width=&#8220;100%&#8220; inner_max_width=&#8220;100%&#8220; custom_padding=&#8220;0px|15vw|0px|0px|false|false&#8220; custom_padding_tablet=&#8220;|10vw||&#8220; custom_padding_phone=&#8220;|0vw||&#8220; use_custom_width=&#8220;on&#8220; width_unit=&#8220;off&#8220; custom_width_percent=&#8220;100%&#8220; locked=&#8220;off&#8220; global_colors_info=&#8220;{}&#8220;][et_pb_column type=&#8220;1_2&#8243; _builder_version=&#8220;4.16&#8243; use_background_color_gradient=&#8220;on&#8220; background_color_gradient_stops=&#8220;#f7f7f7 0%|rgba(255,255,255,0) 65%&#8220; background_color_gradient_overlays_image=&#8220;on&#8220; background_color_gradient_start=&#8220;#f7f7f7&#8243; background_color_gradient_end=&#8220;rgba(255,255,255,0)&#8220; background_color_gradient_end_position=&#8220;65%&#8220; custom_padding=&#8220;|||&#8220; global_colors_info=&#8220;{}&#8220; bg_img__hover=&#8220;https:\/\/fascia.cz\/wordpress\/wp-content\/uploads\/2022\/08\/physical-therapist-70.jpg&#8220; parallax__hover=&#8220;off&#8220; parallax_method__hover=&#8220;on&#8220; use_background_color_gradient__hover=&#8220;on&#8220; background_color_gradient_start__hover=&#8220;#f7f7f7&#8243; background_color_gradient_end__hover=&#8220;rgba(255,255,255,0)&#8220; background_color_gradient_overlays_image__hover=&#8220;on&#8220; background_color_gradient_end_position__hover=&#8220;65%&#8220; custom_padding__hover=&#8220;|||&#8220; background_color_gradient_stops__hover=&#8220;#f7f7f7 0%|rgba(255,255,255,0) 65%&#8220;][et_pb_divider show_divider=&#8220;off&#8220; _builder_version=&#8220;4.16&#8243; height=&#8220;400px&#8220; global_colors_info=&#8220;{}&#8220;][\/et_pb_divider][\/et_pb_column][et_pb_column type=&#8220;1_2&#8243; specialty_columns=&#8220;2&#8243; _builder_version=&#8220;4.16&#8243; custom_padding=&#8220;|||&#8220; global_colors_info=&#8220;{}&#8220; padding_bottom__hover=&#8220;130px&#8220; padding_top__hover=&#8220;80px&#8220; parallax__hover=&#8220;off&#8220; parallax_method__hover=&#8220;on&#8220; padding_phone__hover=&#8220;40px|40px||40px|false|true&#8220; padding_tablet__hover=&#8220;|||&#8220; padding_last_edited__hover=&#8220;on|phone&#8220; padding_left__hover=&#8220;60px&#8220; padding_right__hover=&#8220;60px&#8220; padding_phone=&#8220;40px|40px||40px|false|true&#8220; padding_tablet=&#8220;|||&#8220; padding_last_edited=&#8220;on|phone&#8220; custom_padding__hover=&#8220;|||&#8220;][et_pb_row_inner use_custom_gutter=&#8220;on&#8220; gutter_width=&#8220;1&#8243; _builder_version=&#8220;4.16&#8243; global_colors_info=&#8220;{}&#8220;][et_pb_column_inner saved_specialty_column_type=&#8220;1_2&#8243; _builder_version=&#8220;4.16&#8243; custom_padding=&#8220;|||&#8220; global_colors_info=&#8220;{}&#8220; parallax__hover=&#8220;off&#8220; parallax_method__hover=&#8220;on&#8220; custom_padding__hover=&#8220;|||&#8220;][et_pb_text _builder_version=&#8220;4.17.6&#8243; text_font=&#8220;Montserrat||||||||&#8220; text_line_height=&#8220;1.9em&#8220; link_font=&#8220;Montserrat|700|||||||&#8220; link_text_color=&#8220;#ffffff&#8220; link_font_size=&#8220;32px&#8220; link_line_height=&#8220;1.2em&#8220; header_font=&#8220;Montserrat||||||||&#8220; header_2_font=&#8220;Montserrat|500|||||||&#8220; header_2_font_size=&#8220;40px&#8220; header_2_line_height=&#8220;1.4em&#8220; text_font_size_tablet=&#8220;16px&#8220; text_font_size_phone=&#8220;14px&#8220; text_font_size_last_edited=&#8220;on|phone&#8220; link_font_size_last_edited=&#8220;off|desktop&#8220; header_2_font_size_tablet=&#8220;30px&#8220; header_2_font_size_phone=&#8220;25px&#8220; header_2_font_size_last_edited=&#8220;on|phone&#8220; global_colors_info=&#8220;{}&#8220; text_font_size__hover=&#8220;14px&#8220; text_font_size__hover_enabled=&#8220;14px&#8220; text_letter_spacing__hover=&#8220;0px&#8220; text_letter_spacing__hover_enabled=&#8220;0px&#8220; text_line_height__hover=&#8220;1.7em&#8220; text_line_height__hover_enabled=&#8220;1.7em&#8220; text_text_shadow_style__hover=&#8220;none&#8220; text_text_shadow_style__hover_enabled=&#8220;none&#8220; text_text_shadow_color__hover=&#8220;rgba(0,0,0,0.4)&#8220; text_text_shadow_color__hover_enabled=&#8220;rgba(0,0,0,0.4)&#8220; link_font_size__hover=&#8220;14px&#8220; link_font_size__hover_enabled=&#8220;14px&#8220; link_letter_spacing__hover=&#8220;0px&#8220; link_letter_spacing__hover_enabled=&#8220;0px&#8220; link_line_height__hover=&#8220;1em&#8220; link_line_height__hover_enabled=&#8220;1em&#8220; link_text_shadow_style__hover=&#8220;none&#8220; link_text_shadow_style__hover_enabled=&#8220;none&#8220; link_text_shadow_color__hover=&#8220;rgba(0,0,0,0.4)&#8220; link_text_shadow_color__hover_enabled=&#8220;rgba(0,0,0,0.4)&#8220; ul_font_size__hover=&#8220;14px&#8220; ul_font_size__hover_enabled=&#8220;14px&#8220; ul_letter_spacing__hover=&#8220;0px&#8220; ul_letter_spacing__hover_enabled=&#8220;0px&#8220; ul_line_height__hover=&#8220;1em&#8220; ul_line_height__hover_enabled=&#8220;1em&#8220; ul_text_shadow_style__hover=&#8220;none&#8220; ul_text_shadow_style__hover_enabled=&#8220;none&#8220; ul_text_shadow_color__hover=&#8220;rgba(0,0,0,0.4)&#8220; ul_text_shadow_color__hover_enabled=&#8220;rgba(0,0,0,0.4)&#8220; ol_font_size__hover=&#8220;14px&#8220; ol_font_size__hover_enabled=&#8220;14px&#8220; ol_letter_spacing__hover=&#8220;0px&#8220; ol_letter_spacing__hover_enabled=&#8220;0px&#8220; ol_line_height__hover=&#8220;1em&#8220; ol_line_height__hover_enabled=&#8220;1em&#8220; ol_text_shadow_style__hover=&#8220;none&#8220; ol_text_shadow_style__hover_enabled=&#8220;none&#8220; ol_text_shadow_color__hover=&#8220;rgba(0,0,0,0.4)&#8220; ol_text_shadow_color__hover_enabled=&#8220;rgba(0,0,0,0.4)&#8220; quote_font_size__hover=&#8220;14px&#8220; quote_font_size__hover_enabled=&#8220;14px&#8220; quote_letter_spacing__hover=&#8220;0px&#8220; quote_letter_spacing__hover_enabled=&#8220;0px&#8220; quote_line_height__hover=&#8220;1em&#8220; quote_line_height__hover_enabled=&#8220;1em&#8220; quote_text_shadow_style__hover=&#8220;none&#8220; quote_text_shadow_style__hover_enabled=&#8220;none&#8220; quote_text_shadow_color__hover=&#8220;rgba(0,0,0,0.4)&#8220; quote_text_shadow_color__hover_enabled=&#8220;rgba(0,0,0,0.4)&#8220; text_orientation__hover=&#8220;left&#8220; text_orientation__hover_enabled=&#8220;left&#8220; background_layout__hover=&#8220;light&#8220; background_layout__hover_enabled=&#8220;light&#8220; header_6_font_size__hover=&#8220;14px&#8220; header_6_font_size__hover_enabled=&#8220;14px&#8220; header_6_letter_spacing__hover=&#8220;0px&#8220; header_6_letter_spacing__hover_enabled=&#8220;0px&#8220; header_6_line_height__hover=&#8220;1em&#8220; header_6_line_height__hover_enabled=&#8220;1em&#8220; header_6_text_shadow_style__hover=&#8220;none&#8220; header_6_text_shadow_style__hover_enabled=&#8220;none&#8220; header_6_text_shadow_color__hover=&#8220;rgba(0,0,0,0.4)&#8220; header_6_text_shadow_color__hover_enabled=&#8220;rgba(0,0,0,0.4)&#8220; header_4_font_size__hover=&#8220;18px&#8220; header_4_font_size__hover_enabled=&#8220;18px&#8220; header_4_letter_spacing__hover=&#8220;0px&#8220; header_4_letter_spacing__hover_enabled=&#8220;0px&#8220; header_4_line_height__hover=&#8220;1em&#8220; header_4_line_height__hover_enabled=&#8220;1em&#8220; header_4_text_shadow_style__hover=&#8220;none&#8220; header_4_text_shadow_style__hover_enabled=&#8220;none&#8220; header_4_text_shadow_color__hover=&#8220;rgba(0,0,0,0.4)&#8220; header_4_text_shadow_color__hover_enabled=&#8220;rgba(0,0,0,0.4)&#8220;]<\/p>\n<h2>Kdo jsme<\/h2>\n<p>Fascia Clinic Prague je nest\u00e1tn\u00ed zdravotnick\u00e9 za\u0159\u00edzen\u00ed, kter\u00e9 poskytuje pacient\u016fm zdravotn\u00ed p\u00e9\u010di v\u00a0oboru Fyzioterapie formou ambulantn\u00ed p\u00e9\u010de.<\/p>\n<p>Zakladatelem kliniky je PhDr. Michal Peroutka, CKTI. Je to fyzioterapeut, kter\u00fd pat\u0159\u00ed mezi p\u0159edn\u00ed odborn\u00edky na fascie v r\u00e1mci \u010cR a SR, m\u00e1 mnohaletou klinickou praxi a zku\u0161enosti s p\u00e9\u010d\u00ed o vrcholov\u00e9 sportovce. M\u00e1 tak\u00e9 zku\u0161enosti se z\u0159izov\u00e1n\u00edm a veden\u00edm rehabilita\u010dn\u00edch za\u0159\u00edzen\u00ed v zahrani\u010d\u00ed, extern\u011b vyu\u010duje fyzioterapeuty na V\u0160 a jako lektor se dlouhodob\u011b pod\u00edl\u00ed na dal\u0161\u00edm odborn\u00e9m vzd\u011bl\u00e1v\u00e1n\u00ed zdravotnick\u00fdch pracovn\u00edk\u016f i l\u00e9ka\u0159\u016f.<\/p>\n<p>[\/et_pb_text][\/et_pb_column_inner][\/et_pb_row_inner][\/et_pb_column][\/et_pb_section]<\/p>\n","protected":false},"excerpt":{"rendered":"<p>Klinika ambulantn\u00ed fyzioterapie Praha, Doln\u00ed M\u011bcholupy &nbsp;facebookinstagramKdo jsme Fascia Clinic Prague je nest\u00e1tn\u00ed zdravotnick\u00e9 za\u0159\u00edzen\u00ed, kter\u00e9 poskytuje pacient\u016fm zdravotn\u00ed p\u00e9\u010di v\u00a0oboru Fyzioterapie formou ambulantn\u00ed p\u00e9\u010de. Zakladatelem kliniky je PhDr. Michal Peroutka, CKTI. Je to fyzioterapeut, kter\u00fd pat\u0159\u00ed mezi p\u0159edn\u00ed odborn\u00edky na fascie v r\u00e1mci \u010cR a SR, m\u00e1 mnohaletou klinickou praxi a zku\u0161enosti s p\u00e9\u010d\u00ed [&hellip;]<\/p>\n","protected":false},"author":1,"featured_media":0,"parent":0,"menu_order":0,"comment_status":"closed","ping_status":"closed","template":"","meta":{"_et_pb_use_builder":"on","_et_pb_old_content":"<!-- wp:paragraph -->\n<p>Pr\u00e1v\u011b si prohl\u00ed\u017e\u00edte uk\u00e1zkovou str\u00e1nku, kter\u00e1 byla vytvo\u0159ena automaticky b\u011bhem instalace WordPressu. Str\u00e1nky se li\u0161\u00ed od p\u0159\u00edsp\u011bvk\u016f zejm\u00e9na t\u00edm, \u017ee obsahuj\u00ed n\u011bjak\u00fd statick\u00fd text a jsou zobrazov\u00e1ny na st\u00e1le stejn\u00e9m m\u00edst\u011b webu (u v\u011bt\u0161iny \u0161ablon jde o naviga\u010dn\u00ed menu). Lid\u00e9 obvykle nejd\u0159\u00edve vytv\u00e1\u0159ej\u00ed z\u00e1kladn\u00ed informa\u010dn\u00ed str\u00e1nky, kde se p\u0159edstav\u00ed n\u00e1v\u0161t\u011bvn\u00edk\u016fm webu a sezn\u00e1m\u00ed je se sv\u00fdmi z\u00e1m\u011bry. M\u016f\u017ee to b\u00fdt nap\u0159. n\u011bco v n\u00e1sleduj\u00edc\u00edm stylu:<\/p>\n<!-- \/wp:paragraph -->\n\n<!-- wp:quote -->\n<blockquote class=\"wp-block-quote\"><p>Zdrav\u00edm! Jsem Josef a bydl\u00edm v Plzni. Pracuji jako \u0159idi\u010d autobusu a po noc\u00edch bloguji o, alespo\u0148 dle m\u00e9ho, zaj\u00edmav\u00fdch v\u011bcech...<\/p><\/blockquote>\n<!-- \/wp:quote -->\n\n<!-- wp:paragraph -->\n<p>...a nebo n\u011bco takov\u00e9ho:<\/p>\n<!-- \/wp:paragraph -->\n\n<!-- wp:quote -->\n<blockquote class=\"wp-block-quote\"><p>Spole\u010dnost XYZ byla zalo\u017eena v roce 1989 a ji\u017e od po\u010d\u00e1tku nab\u00edz\u00ed sv\u00fdm z\u00e1kazn\u00edk\u016fm vynikaj\u00edc\u00ed v\u00fdrobky pro kedsicosi. XYZ se soust\u0159ed\u00ed p\u0159edev\u0161\u00edm na kvalitu a detail za pou\u017eit\u00ed nejnov\u011bj\u0161\u00edch technologi\u00ed a se zaji\u0161t\u011bn\u00edm vysok\u00e9 \u017eivotnosti. Firma  s\u00eddl\u00ed v Kocourkov\u011b a zam\u011bstn\u00e1v\u00e1 v\u00edce ne\u017e 300 profesion\u00e1l\u016f ve r\u016fzn\u00fdch oblastech.<\/p><\/blockquote>\n<!-- \/wp:quote -->\n\n<!-- wp:paragraph -->\n<p>Pokud s WordPressem pr\u00e1v\u011b za\u010d\u00edn\u00e1te, m\u011bli byste se nejd\u0159\u00edve p\u0159ihl\u00e1sit do <a href=\"https:\/\/fascia.cz\/wordpress\/wp-admin\/\">administrace<\/a> a tuto str\u00e1nku smazat (nebo upravit). A nic u\u017e v\u00e1m tak\u00e9 nebr\u00e1n\u00ed vytv\u00e1\u0159et dal\u0161\u00ed obsah webu v podob\u011b nov\u00fdch str\u00e1nek a p\u0159\u00edsp\u011bvk\u016f. Douf\u00e1me, \u017ee budete se spr\u00e1vou webu v redak\u010dn\u00edm syst\u00e9mu WordPress spokojeni!<\/p>\n<!-- \/wp:paragraph -->","_et_gb_content_width":"","footnotes":""},"class_list":["post-2","page","type-page","status-publish","hentry"],"_links":{"self":[{"href":"https:\/\/fascia.cz\/wordpress\/wp-json\/wp\/v2\/pages\/2","targetHints":{"allow":["GET"]}}],"collection":[{"href":"https:\/\/fascia.cz\/wordpress\/wp-json\/wp\/v2\/pages"}],"about":[{"href":"https:\/\/fascia.cz\/wordpress\/wp-json\/wp\/v2\/types\/page"}],"author":[{"embeddable":true,"href":"https:\/\/fascia.cz\/wordpress\/wp-json\/wp\/v2\/users\/1"}],"replies":[{"embeddable":true,"href":"https:\/\/fascia.cz\/wordpress\/wp-json\/wp\/v2\/comments?post=2"}],"version-history":[{"count":43,"href":"https:\/\/fascia.cz\/wordpress\/wp-json\/wp\/v2\/pages\/2\/revisions"}],"predecessor-version":[{"id":460,"href":"https:\/\/fascia.cz\/wordpress\/wp-json\/wp\/v2\/pages\/2\/revisions\/460"}],"wp:attachment":[{"href":"https:\/\/fascia.cz\/wordpress\/wp-json\/wp\/v2\/media?parent=2"}],"curies":[{"name":"wp","href":"https:\/\/api.w.org\/{rel}","templated":true}]}}