{"id":374,"date":"2023-01-30T08:33:50","date_gmt":"2023-01-30T07:33:50","guid":{"rendered":"https:\/\/fascia.cz\/wordpress\/?page_id=374"},"modified":"2023-01-30T15:08:13","modified_gmt":"2023-01-30T14:08:13","slug":"cenik-sluzeb","status":"publish","type":"page","link":"https:\/\/fascia.cz\/wordpress\/cenik-sluzeb\/","title":{"rendered":"Cen\u00edk"},"content":{"rendered":"\n\n[et_pb_section fb_built=&#8220;1&#8243; custom_padding_last_edited=&#8220;on|phone&#8220; admin_label=&#8220;Header&#8220; _builder_version=&#8220;4.19.4&#8243; background_color=&#8220;#e61845&#8243; background_enable_image=&#8220;off&#8220; background_position=&#8220;top_center&#8220; background_vertical_offset=&#8220;21%&#8220; max_height=&#8220;100px&#8220; custom_padding=&#8220;0px|0px|0px|0px|true|true&#8220; custom_padding_tablet=&#8220;|10vw||&#8220; custom_padding_phone=&#8220;&#8220; global_colors_info=&#8220;{}&#8220; box_shadow_style__hover=&#8220;none&#8220; box_shadow_style__hover_enabled=&#8220;none&#8220; box_shadow_color__hover=&#8220;rgba(0,0,0,0.3)&#8220; box_shadow_color__hover_enabled=&#8220;rgba(0,0,0,0.3)&#8220;][et_pb_row _builder_version=&#8220;4.19.4&#8243; vertical_offset=&#8220;0px&#8220; max_width=&#8220;1400px&#8220; module_alignment=&#8220;center&#8220; custom_padding=&#8220;27px|0px|100px|0px|false|false&#8220; global_colors_info=&#8220;{}&#8220; parallax_1__hover=&#8220;off&#8220; parallax_1__hover_enabled=&#8220;off&#8220; parallax_2__hover=&#8220;off&#8220; parallax_2__hover_enabled=&#8220;off&#8220; parallax_3__hover=&#8220;off&#8220; parallax_3__hover_enabled=&#8220;off&#8220; parallax_4__hover=&#8220;off&#8220; parallax_4__hover_enabled=&#8220;off&#8220; parallax_method_1__hover=&#8220;on&#8220; parallax_method_1__hover_enabled=&#8220;on&#8220; parallax_method_2__hover=&#8220;on&#8220; parallax_method_2__hover_enabled=&#8220;on&#8220; parallax_method_3__hover=&#8220;on&#8220; parallax_method_3__hover_enabled=&#8220;on&#8220; parallax_method_4__hover=&#8220;on&#8220; parallax_method_4__hover_enabled=&#8220;on&#8220;][et_pb_column type=&#8220;4_4&#8243; _builder_version=&#8220;4.19.4&#8243; position_origin_r=&#8220;bottom_left&#8220; custom_padding=&#8220;0px|0px|0px|0px|true|true&#8220; global_colors_info=&#8220;{}&#8220; custom_padding__hover=&#8220;|||&#8220;][et_pb_post_title meta=&#8220;off&#8220; featured_image=&#8220;off&#8220; text_color=&#8220;light&#8220; _builder_version=&#8220;4.19.4&#8243; _module_preset=&#8220;default&#8220; title_text_align=&#8220;center&#8220; custom_margin=&#8220;0px|0px|0px|0px|true|true&#8220; global_colors_info=&#8220;{}&#8220;][\/et_pb_post_title][\/et_pb_column][\/et_pb_row][\/et_pb_section][et_pb_section fb_built=&#8220;1&#8243; _builder_version=&#8220;4.19.4&#8243; _module_preset=&#8220;default&#8220; global_colors_info=&#8220;{}&#8220;][et_pb_row column_structure=&#8220;3_5,2_5&#8243; _builder_version=&#8220;4.19.4&#8243; _module_preset=&#8220;default&#8220; width=&#8220;85%&#8220; max_width=&#8220;1400px&#8220; hover_enabled=&#8220;0&#8243; border_width_all=&#8220;20px&#8220; border_color_all=&#8220;#FFFFFF&#8220; global_colors_info=&#8220;{}&#8220; sticky_enabled=&#8220;0&#8243;][et_pb_column type=&#8220;3_5&#8243; _builder_version=&#8220;4.19.4&#8243; _module_preset=&#8220;default&#8220; global_colors_info=&#8220;{}&#8220;][et_pb_text _builder_version=&#8220;4.19.4&#8243; _module_preset=&#8220;default&#8220; text_line_height=&#8220;1.9em&#8220; hover_enabled=&#8220;0&#8243; global_colors_info=&#8220;{}&#8220; sticky_enabled=&#8220;0&#8243;]<p>Poskytujeme zdravotnick\u00e9 slu\u017eby a slu\u017eby p\u00e9\u010de o t\u011blo mimo syst\u00e9m ve\u0159ejn\u00e9ho zdravotn\u00edho poji\u0161t\u011bn\u00ed. Ka\u017ed\u00fd n\u00e1\u0161 klient je samopl\u00e1tce a to i v p\u0159\u00edpad\u011b, \u017ee m\u00e1 doporu\u010den\u00ed od l\u00e9ka\u0159e (FT poukaz).<\/p>\n<p>V\u011b\u0159\u00edme, \u017ee tento p\u0159\u00edstup vede k v\u011bt\u0161\u00ed motivovanosti klienta i terapeut\u016f a \u017ee v\u00e1m na\u0161e modern\u00ed a p\u0159\u00edjemn\u00e9 prost\u0159ed\u00ed d\u00e1 pocit d\u016fv\u011bry.<\/p>\n<h3>Na\u0161e slu\u017eby<\/h3>\n<p><span style=\"font-family: inherit; font-weight: normal;\">Va\u0161e objedn\u00e1vka ka\u017ed\u00e9ho term\u00ednu terapie je v souladu s platn\u00fdmi p\u0159edpisy pova\u017eov\u00e1na za objedn\u00e1n\u00ed <\/span><span style=\"font-family: inherit; font-weight: normal;\">slu\u017eby a je z\u00e1vazn\u00e1.<\/span><\/p>\n<p><span style=\"font-family: inherit; font-weight: normal;\">Slu\u017eby je mo\u017en\u00e9 hradit v hotovosti p\u0159\u00edmo v ordinaci terapeuta, p\u0159\u00edpadn\u011b bankovn\u00edm p\u0159evodem na <\/span><span style=\"font-family: inherit; font-weight: normal;\">z\u00e1klad\u011b vystaven\u00e9 faktury \u2013 v tomto p\u0159\u00edpad\u011b mus\u00ed b\u00fdt \u00fahrada za slu\u017eby p\u0159ips\u00e1na na n\u00e1\u0161 \u00fa\u010det p\u0159ed <\/span><span style=\"font-family: inherit; font-weight: normal;\">poskytnut\u00edm slu\u017eeb.<\/span><\/p>\n<h4><span style=\"font-family: inherit; font-weight: normal;\">Storno poplatky<\/span><\/h4>\n<p><span style=\"font-family: inherit; font-weight: normal;\">Ka\u017ed\u00fd term\u00edn terapie je p\u0159edem z\u00e1vazn\u011b objednan\u00fd. Povinnost\u00ed klienta je dostavit se na terapii v <\/span><span style=\"font-family: inherit; font-weight: normal;\">domluven\u00e9m \u010dase. V p\u0159\u00edpad\u011b, \u017ee se klient nem\u016f\u017ee na terapii dostavit, je povinen se omluvit. Pokud bude <\/span><span style=\"font-family: inherit; font-weight: normal;\">term\u00edn omluven 24hod. p\u0159edem, domluv\u00edme n\u00e1hradn\u00ed term\u00edn a ne\u00fa\u010dtujeme \u017e\u00e1dn\u00fd storno poplatek. P\u0159i <\/span><span style=\"font-family: inherit; font-weight: normal;\">omluv\u011b v dob\u011b krat\u0161\u00ed ne\u017e 24hod. Fascia Clinic Prague s.r.o. bude po\u017eadovat storno poplatek ve v\u00fd\u0161i <\/span><span style=\"font-family: inherit; font-weight: normal;\">100% ceny terapie jako n\u00e1hradu n\u00e1klad\u016f p\u0159i \u00fahrad\u011b dal\u0161\u00edho term\u00ednu. Pokud si klient najednou objedn\u00e1 <\/span><span style=\"font-family: inherit; font-weight: normal;\">v\u00edce terapi\u00ed a bez omluvy se na prvn\u00ed z nich nedostav\u00ed, automaticky ru\u0161\u00edme jeho dal\u0161\u00ed objednan\u00e9 <\/span><span style=\"font-family: inherit; font-weight: normal;\">term\u00edny. Fascia Clinic Prague s.r.o. m\u00e1 pr\u00e1vo dal\u0161\u00ed objedn\u00e1vky term\u00edn\u016f od takov\u00e9ho klienta nep\u0159ijmout.<\/span><\/p>\n<p><span style=\"font-family: inherit; font-weight: normal;\">Platnost voucher\u016f je 3 m\u011bs\u00edce a je uveden\u00e1 na voucheru. Terapie nevy\u010derpan\u00e9 v dob\u011b platnosti <\/span><span style=\"font-family: inherit; font-weight: normal;\">voucher\u016f z d\u016fvod\u016f na stran\u011b klienta propadaj\u00ed bez n\u00e1hrady. Ostatn\u00ed storno podm\u00ednky jsou stejn\u00e9 jako u <\/span><span style=\"font-family: inherit; font-weight: normal;\">jednotliv\u00fdch terapi\u00ed.<\/span><\/p>\n<p><span style=\"font-family: inherit; font-weight: normal;\">Pokud domluven\u00e1 terapie nem\u016f\u017ee prob\u011bhnout z d\u016fvodu vznikl\u00fdch na stran\u011b NZZ, je na\u0161\u00ed <\/span><span style=\"font-family: inherit; font-weight: normal;\">povinnost\u00ed v\u00e1s co nejd\u0159\u00edve o t\u00e9to skute\u010dnosti informovat a nab\u00eddnout v\u00e1m jin\u00fd nejbli\u017e\u0161\u00ed <\/span><span style=\"font-family: inherit; font-weight: normal;\">n\u00e1hradn\u00ed term\u00edn.<\/span><\/p>\n<p><span style=\"font-family: inherit; font-weight: normal;\">Fascia Clinic Prague s.r.o. m\u00e1 pr\u00e1vo m\u011bnit cen\u00edk poskytovan\u00fdch slu\u017eeb. Na p\u0159\u00edpadn\u00e9 zm\u011bny <\/span><span style=\"font-family: inherit; font-weight: normal;\">v\u010das upozorn\u00edme.<\/span><\/p>\n<p><span style=\"font-family: inherit; font-weight: normal;\">V\u00edce podrobnost\u00ed o vz\u00e1jemn\u00fdch vztaz\u00edch mezi n\u00e1mi jako poskytovatelem slu\u017eeb a v\u00e1mi jako <\/span><span style=\"font-family: inherit; font-weight: normal;\">klientem najdete v na\u0161ich <a href=\"https:\/\/fascia.cz\/wordpress\/vseobecne-obchodni-podminky\/\">V\u0161eobecn\u00fdch obchodn\u00edch podm\u00ednk\u00e1ch<\/a>.<\/span><\/p>[\/et_pb_text][\/et_pb_column][et_pb_column type=&#8220;2_5&#8243; _builder_version=&#8220;4.19.4&#8243; _module_preset=&#8220;default&#8220; global_colors_info=&#8220;{}&#8220;][et_pb_text _builder_version=&#8220;4.19.4&#8243; _module_preset=&#8220;default&#8220; hover_enabled=&#8220;0&#8243; sticky_enabled=&#8220;0&#8243;]<h3>Nab\u00edzen\u00e9 slu\u017eby<\/h3>\n<table border=\"0\" style=\"height: 127px; width: 99.7019%; border-collapse: collapse;\" height=\"127\" cellpadding=\"15\">\n<tbody>\n<tr>\n<td style=\"width: 50.6726%;\"><strong>Vstupn\u00ed kineziologick\u00fd rozbor + fyzioterapie 90min.<\/strong> (80 min. \u010dist\u00fd \u010das)<\/td>\n<td style=\"width: 49.1779%;\">1 600 K\u010d<\/td>\n<\/tr>\n<tr>\n<td style=\"width: 50.6726%;\"><strong>Fyzioterapie 60 min.<\/strong> (50 min. \u010dist\u00fd \u010das)<\/td>\n<td style=\"width: 49.1779%;\">1 200 K\u010d<\/td>\n<\/tr>\n<tr>\n<td style=\"width: 50.6726%;\"><strong>Manu\u00e1ln\u00ed lymfodren\u00e1\u017e cel\u00e9ho t\u011bla 60 min.<\/strong> (50min. \u010dist\u00fd \u010das)<\/td>\n<td style=\"width: 49.1779%;\">1 000 K\u010d<\/td>\n<\/tr>\n<\/tbody>\n<\/table>\n<h3><\/h3>\n<h3>Vouchery pro cenov\u011b zv\u00fdhodn\u011bn\u00e9<br \/>p\u0159edplatn\u00e9 slu\u017eeb<\/h3>\n<table border=\"0\" style=\"width: 100%; border-collapse: collapse;\" cellpadding=\"15\">\n<tbody>\n<tr>\n<td style=\"width: 50%;\"><strong>Fyzioterapie 5 x<\/strong> (5 x 50 min. \u010dist\u00fd \u010das)<\/td>\n<td style=\"width: 50%;\">5 400 K\u010d<\/td>\n<\/tr>\n<tr>\n<td style=\"width: 50%;\"><strong>Manu\u00e1ln\u00ed lymfodren\u00e1\u017e 5 x<\/strong> (5 x 50min. \u010dist\u00fd \u010das)<\/td>\n<td style=\"width: 50%;\">4 500 K\u010d<\/td>\n<\/tr>\n<\/tbody>\n<\/table>[\/et_pb_text][\/et_pb_column][\/et_pb_row][\/et_pb_section]\n\n","protected":false},"excerpt":{"rendered":"<p>Poskytujeme zdravotnick\u00e9 slu\u017eby a slu\u017eby p\u00e9\u010de o t\u011blo mimo syst\u00e9m ve\u0159ejn\u00e9ho zdravotn\u00edho poji\u0161t\u011bn\u00ed. Ka\u017ed\u00fd n\u00e1\u0161 klient je samopl\u00e1tce a to i v p\u0159\u00edpad\u011b, \u017ee m\u00e1 doporu\u010den\u00ed od l\u00e9ka\u0159e (FT poukaz). V\u011b\u0159\u00edme, \u017ee tento p\u0159\u00edstup vede k v\u011bt\u0161\u00ed motivovanosti klienta i terapeut\u016f a \u017ee v\u00e1m na\u0161e modern\u00ed a p\u0159\u00edjemn\u00e9 prost\u0159ed\u00ed d\u00e1 pocit d\u016fv\u011bry. Na\u0161e slu\u017eby Va\u0161e [&hellip;]<\/p>\n","protected":false},"author":1,"featured_media":0,"parent":0,"menu_order":0,"comment_status":"closed","ping_status":"closed","template":"","meta":{"_et_pb_use_builder":"on","_et_pb_old_content":"","_et_gb_content_width":"","footnotes":""},"class_list":["post-374","page","type-page","status-publish","hentry"],"_links":{"self":[{"href":"https:\/\/fascia.cz\/wordpress\/wp-json\/wp\/v2\/pages\/374","targetHints":{"allow":["GET"]}}],"collection":[{"href":"https:\/\/fascia.cz\/wordpress\/wp-json\/wp\/v2\/pages"}],"about":[{"href":"https:\/\/fascia.cz\/wordpress\/wp-json\/wp\/v2\/types\/page"}],"author":[{"embeddable":true,"href":"https:\/\/fascia.cz\/wordpress\/wp-json\/wp\/v2\/users\/1"}],"replies":[{"embeddable":true,"href":"https:\/\/fascia.cz\/wordpress\/wp-json\/wp\/v2\/comments?post=374"}],"version-history":[{"count":8,"href":"https:\/\/fascia.cz\/wordpress\/wp-json\/wp\/v2\/pages\/374\/revisions"}],"predecessor-version":[{"id":455,"href":"https:\/\/fascia.cz\/wordpress\/wp-json\/wp\/v2\/pages\/374\/revisions\/455"}],"wp:attachment":[{"href":"https:\/\/fascia.cz\/wordpress\/wp-json\/wp\/v2\/media?parent=374"}],"curies":[{"name":"wp","href":"https:\/\/api.w.org\/{rel}","templated":true}]}}